{"id":29,"date":"2025-06-06T22:46:08","date_gmt":"2025-06-06T22:46:08","guid":{"rendered":"http:\/\/campbeerfest.com\/index.php\/inicio\/"},"modified":"2025-06-16T16:27:23","modified_gmt":"2025-06-16T16:27:23","slug":"inicio","status":"publish","type":"page","link":"https:\/\/campbeerfest.com\/","title":{"rendered":"Inicio"},"content":{"rendered":"\t\t<div data-elementor-type=\"wp-page\" data-elementor-id=\"29\" class=\"elementor elementor-29\" data-elementor-post-type=\"page\">\n\t\t\t\t<div class=\"elementor-element elementor-element-4ffc45f e-flex e-con-boxed e-con e-parent\" data-id=\"4ffc45f\" data-element_type=\"container\">\n\t\t\t\t\t<div class=\"e-con-inner\">\n\t\t\t\t<div class=\"elementor-element elementor-element-f6b1426 elementor-widget elementor-widget-image\" data-id=\"f6b1426\" data-element_type=\"widget\" data-widget_type=\"image.default\">\n\t\t\t\t<div class=\"elementor-widget-container\">\n\t\t\t\t\t\t\t\t\t\t\t\t\t\t\t<img fetchpriority=\"high\" decoding=\"async\" width=\"950\" height=\"569\" src=\"https:\/\/campbeerfest.com\/wp-content\/uploads\/2025\/06\/cropped-fondo-web-1024x613.jpg\" class=\"attachment-large size-large wp-image-74\" alt=\"\" srcset=\"https:\/\/campbeerfest.com\/wp-content\/uploads\/2025\/06\/cropped-fondo-web-1024x613.jpg 1024w, https:\/\/campbeerfest.com\/wp-content\/uploads\/2025\/06\/cropped-fondo-web-300x180.jpg 300w, https:\/\/campbeerfest.com\/wp-content\/uploads\/2025\/06\/cropped-fondo-web-1536x920.jpg 1536w, https:\/\/campbeerfest.com\/wp-content\/uploads\/2025\/06\/cropped-fondo-web.jpg 2000w\" sizes=\"100vw\" \/>\t\t\t\t\t\t\t\t\t\t\t\t\t\t\t<\/div>\n\t\t\t\t<\/div>\n\t\t\t\t\t<\/div>\n\t\t\t\t<\/div>\n\t\t<div class=\"elementor-element elementor-element-06b8143 e-flex e-con-boxed e-con e-parent\" data-id=\"06b8143\" data-element_type=\"container\">\n\t\t\t\t\t<div class=\"e-con-inner\">\n\t\t<div class=\"elementor-element elementor-element-963cb13 e-con-full e-flex e-con e-child\" data-id=\"963cb13\" data-element_type=\"container\">\n\t\t\t\t<div class=\"elementor-element elementor-element-ea44239 elementor-align-center elementor-widget elementor-widget-button\" data-id=\"ea44239\" data-element_type=\"widget\" data-widget_type=\"button.default\">\n\t\t\t\t<div class=\"elementor-widget-container\">\n\t\t\t\t\t\t\t\t\t<div class=\"elementor-button-wrapper\">\n\t\t\t\t\t<a class=\"elementor-button elementor-button-link elementor-size-sm\" href=\"https:\/\/forms.gle\/WQ7dAfmcjnG2HH8N8\">\n\t\t\t\t\t\t<span class=\"elementor-button-content-wrapper\">\n\t\t\t\t\t\t\t\t\t<span class=\"elementor-button-text\">Reservar Zona de Descanso<\/span>\n\t\t\t\t\t<\/span>\n\t\t\t\t\t<\/a>\n\t\t\t\t<\/div>\n\t\t\t\t\t\t\t\t<\/div>\n\t\t\t\t<\/div>\n\t\t\t\t<\/div>\n\t\t<div class=\"elementor-element elementor-element-22aee76 e-con-full e-flex e-con e-child\" data-id=\"22aee76\" data-element_type=\"container\">\n\t\t\t\t<div class=\"elementor-element elementor-element-64ad7f7 elementor-align-center elementor-widget elementor-widget-button\" data-id=\"64ad7f7\" data-element_type=\"widget\" data-widget_type=\"button.default\">\n\t\t\t\t<div class=\"elementor-widget-container\">\n\t\t\t\t\t\t\t\t\t<div class=\"elementor-button-wrapper\">\n\t\t\t\t\t<a class=\"elementor-button elementor-button-link elementor-size-sm\" href=\"https:\/\/forms.gle\/c4J99Uyz4CLwxks49\">\n\t\t\t\t\t\t<span class=\"elementor-button-content-wrapper\">\n\t\t\t\t\t\t\t\t\t<span class=\"elementor-button-text\">Reservar Zona Camper<\/span>\n\t\t\t\t\t<\/span>\n\t\t\t\t\t<\/a>\n\t\t\t\t<\/div>\n\t\t\t\t\t\t\t\t<\/div>\n\t\t\t\t<\/div>\n\t\t\t\t<\/div>\n\t\t\t\t\t<\/div>\n\t\t\t\t<\/div>\n\t\t<div class=\"elementor-element elementor-element-2c5ac44d e-flex e-con-boxed e-con e-parent\" data-id=\"2c5ac44d\" data-element_type=\"container\">\n\t\t\t\t\t<div class=\"e-con-inner\">\n\t\t\t\t<div class=\"elementor-element elementor-element-109a6990 elementor-widget elementor-widget-text-editor\" data-id=\"109a6990\" data-element_type=\"widget\" data-widget_type=\"text-editor.default\">\n\t\t\t\t<div class=\"elementor-widget-container\">\n\t\t\t\t\t\t\t\t\t<div class=\"wp-block-cover alignfull has-white-background-color has-background-dim hestia-clear-top-padding\">\n<div class=\"wp-block-cover__inner-container\">\n<p><\/p>\n<h2 class=\"has-text-align-center has-text-color wp-block-heading\" style=\"color: #3c4858;\">\u00a0Reserva la Zona de Descanso y el \u00c1rea Camper<\/h2>\n<p><\/p>\n<div class=\"wp-block-spacer\" style=\"height: 40px;\" aria-hidden=\"true\">\u00a0<\/div>\n<p><\/p>\n<div class=\"wp-block-columns container is-layout-flex wp-container-core-columns-is-layout-28f84493 wp-block-columns-is-layout-flex\">\n<p><\/p>\n<div class=\"wp-block-column is-layout-flow wp-block-column-is-layout-flow\">\n<p><\/p>\n<div class=\"wp-block-image\">\n<figure class=\"aligncenter size-large\"><a href=\"http:\/\/campbeerfest.com\/index.php\/camping\/\"><img decoding=\"async\" class=\"wp-image-70\" src=\"http:\/\/campbeerfest.com\/wp-content\/themes\/hestia\/assets\/img\/feat1.png\" alt=\"\" \/><\/a><\/figure>\n<\/div>\n<p><\/p>\n<h5 class=\"has-text-align-center has-text-color wp-block-heading\" style=\"color: #3c4858; font-size:clamp(14px, 0.875rem + ((1vw - 3.2px) * 0.417), 18px);px;\">Reserva por la web<\/h5>\n<p><\/p>\n<p class=\"has-text-align-center has-text-color\" style=\"color: #999999; font-size: 14px;\">Accede al apartado Camping y reserva a trav\u00e9s de nuestro formulario, la opci\u00f3n que prefieras, para venir al festival<\/p>\n<p><\/p>\n<div class=\"wp-block-spacer\" style=\"height: 25px;\" aria-hidden=\"true\">\u00a0<\/div>\n<p><\/p>\n<\/div>\n<p><\/p>\n<div class=\"wp-block-column is-layout-flow wp-block-column-is-layout-flow\">\n<p><\/p>\n<div class=\"wp-block-image\">\n<figure class=\"aligncenter size-large\"><a href=\"http:\/\/campbeerfest.com\/index.php\/camping\/\"><img decoding=\"async\" class=\"wp-image-71\" src=\"http:\/\/campbeerfest.com\/wp-content\/themes\/hestia\/assets\/img\/feat2.png\" alt=\"\" \/><\/a><\/figure>\n<\/div>\n<p><\/p>\n<h5 class=\"has-text-align-center has-text-color wp-block-heading\"><span style=\"color: #3c4858;\"><span style=\"font-size:clamp(14px, 0.875rem + ((1vw - 3.2px) * 0.417), 18px);px;\">Paga al llegar<\/span><\/span><\/h5>\n<p class=\"has-text-align-center has-text-color\"><span style=\"color: #999999; font-size: 14px; font-family: Inter, sans-serif; font-weight: 400;\">Cuando llegues al festival, busca el punto de informaci\u00f3n y realiza el pago de tu reserva<\/span><\/p>\n<p><\/p>\n<div class=\"wp-block-spacer\" style=\"height: 25px;\" aria-hidden=\"true\">\u00a0<\/div>\n<p><\/p>\n<\/div>\n<p><\/p>\n<div class=\"wp-block-column is-layout-flow wp-block-column-is-layout-flow\">\n<p><\/p>\n<div class=\"wp-block-image\">\n<figure class=\"aligncenter size-large\"><a href=\"http:\/\/campbeerfest.com\/index.php\/faqs\/\"><img decoding=\"async\" class=\"wp-image-72\" src=\"http:\/\/campbeerfest.com\/wp-content\/themes\/hestia\/assets\/img\/feat3.png\" alt=\"\" \/><\/a><\/figure>\n<\/div>\n<p><\/p>\n<h5 class=\"has-text-align-center has-text-color wp-block-heading\" style=\"color: #3c4858; font-size:clamp(14px, 0.875rem + ((1vw - 3.2px) * 0.417), 18px);px;\">FAQS<\/h5>\n<p><\/p>\n<p class=\"has-text-align-center has-text-color\" style=\"color: #999999; font-size: 14px;\">Si tienes dudas, consulta nuestras preguntas frecuentes, para resolver cualquier tipo de gesti\u00f3n<\/p>\n<\/div>\n<\/div>\n<\/div>\n<\/div>\n<div class=\"wp-block-columns container\">\n<div class=\"wp-block-column col-md-5\">\n<p><\/p>\n<\/div>\n<div class=\"wp-block-column col-md-6 col-md-offset1\">\n<figure class=\"wp-block-image size-large\"><\/figure>\n<p><\/p>\n<p><\/p>\n<\/div>\n<p><\/p>\n<\/div>\n<p><\/p>\t\t\t\t\t\t\t\t<\/div>\n\t\t\t\t<\/div>\n\t\t\t\t\t<\/div>\n\t\t\t\t<\/div>\n\t\t<div class=\"elementor-element elementor-element-f9d4d05 e-flex e-con-boxed e-con e-parent\" data-id=\"f9d4d05\" data-element_type=\"container\">\n\t\t\t\t\t<div class=\"e-con-inner\">\n\t\t\t\t<div class=\"elementor-element elementor-element-6fc0c74 elementor-widget elementor-widget-text-editor\" data-id=\"6fc0c74\" data-element_type=\"widget\" data-widget_type=\"text-editor.default\">\n\t\t\t\t<div class=\"elementor-widget-container\">\n\t\t\t\t\t\t\t\t\t<h2>Planos del festival<\/h2>\t\t\t\t\t\t\t\t<\/div>\n\t\t\t\t<\/div>\n\t\t\t\t\t<\/div>\n\t\t\t\t<\/div>\n\t\t<div class=\"elementor-element elementor-element-3a423d9 e-grid e-con-boxed e-con e-parent\" data-id=\"3a423d9\" data-element_type=\"container\">\n\t\t\t\t\t<div class=\"e-con-inner\">\n\t\t\t\t<div class=\"elementor-element elementor-element-06c9ac2 elementor-widget elementor-widget-image\" data-id=\"06c9ac2\" data-element_type=\"widget\" data-widget_type=\"image.default\">\n\t\t\t\t<div class=\"elementor-widget-container\">\n\t\t\t\t\t\t\t\t\t\t\t\t\t\t\t\t<a href=\"http:\/\/campbeerfest.com\/wp-content\/uploads\/2025\/06\/plano-general.jpeg\" data-elementor-open-lightbox=\"yes\" data-elementor-lightbox-title=\"plano-general\" data-e-action-hash=\"#elementor-action%3Aaction%3Dlightbox%26settings%3DeyJpZCI6MjEyLCJ1cmwiOiJodHRwczpcL1wvY2FtcGJlZXJmZXN0LmNvbVwvd3AtY29udGVudFwvdXBsb2Fkc1wvMjAyNVwvMDZcL3BsYW5vLWdlbmVyYWwuanBlZyJ9\">\n\t\t\t\t\t\t\t<img decoding=\"async\" width=\"819\" height=\"1024\" src=\"https:\/\/campbeerfest.com\/wp-content\/uploads\/2025\/06\/plano-general-819x1024.jpeg\" class=\"attachment-large size-large wp-image-212\" alt=\"\" srcset=\"https:\/\/campbeerfest.com\/wp-content\/uploads\/2025\/06\/plano-general-819x1024.jpeg 819w, https:\/\/campbeerfest.com\/wp-content\/uploads\/2025\/06\/plano-general-240x300.jpeg 240w, https:\/\/campbeerfest.com\/wp-content\/uploads\/2025\/06\/plano-general.jpeg 1080w\" sizes=\"100vw\" \/>\t\t\t\t\t\t\t\t<\/a>\n\t\t\t\t\t\t\t\t\t\t\t\t\t\t\t<\/div>\n\t\t\t\t<\/div>\n\t\t\t\t<div class=\"elementor-element elementor-element-de5cc6d elementor-widget elementor-widget-image\" data-id=\"de5cc6d\" data-element_type=\"widget\" data-widget_type=\"image.default\">\n\t\t\t\t<div class=\"elementor-widget-container\">\n\t\t\t\t\t\t\t\t\t\t\t\t\t\t\t\t<a href=\"http:\/\/campbeerfest.com\/wp-content\/uploads\/2025\/06\/plano-camping.jpeg\" data-elementor-open-lightbox=\"yes\" data-elementor-lightbox-title=\"plano-camping\" data-e-action-hash=\"#elementor-action%3Aaction%3Dlightbox%26settings%3DeyJpZCI6MjExLCJ1cmwiOiJodHRwczpcL1wvY2FtcGJlZXJmZXN0LmNvbVwvd3AtY29udGVudFwvdXBsb2Fkc1wvMjAyNVwvMDZcL3BsYW5vLWNhbXBpbmcuanBlZyJ9\">\n\t\t\t\t\t\t\t<img decoding=\"async\" width=\"819\" height=\"1024\" src=\"https:\/\/campbeerfest.com\/wp-content\/uploads\/2025\/06\/plano-camping-819x1024.jpeg\" class=\"attachment-large size-large wp-image-211\" alt=\"\" srcset=\"https:\/\/campbeerfest.com\/wp-content\/uploads\/2025\/06\/plano-camping-819x1024.jpeg 819w, https:\/\/campbeerfest.com\/wp-content\/uploads\/2025\/06\/plano-camping-240x300.jpeg 240w, https:\/\/campbeerfest.com\/wp-content\/uploads\/2025\/06\/plano-camping.jpeg 1080w\" sizes=\"100vw\" \/>\t\t\t\t\t\t\t\t<\/a>\n\t\t\t\t\t\t\t\t\t\t\t\t\t\t\t<\/div>\n\t\t\t\t<\/div>\n\t\t\t\t<div class=\"elementor-element elementor-element-94aa7f8 elementor-widget elementor-widget-image\" data-id=\"94aa7f8\" data-element_type=\"widget\" data-widget_type=\"image.default\">\n\t\t\t\t<div class=\"elementor-widget-container\">\n\t\t\t\t\t\t\t\t\t\t\t\t\t\t\t\t<a href=\"http:\/\/campbeerfest.com\/wp-content\/uploads\/2025\/06\/plano-camper.jpeg\" data-elementor-open-lightbox=\"yes\" data-elementor-lightbox-title=\"plano-camper\" data-e-action-hash=\"#elementor-action%3Aaction%3Dlightbox%26settings%3DeyJpZCI6MjEzLCJ1cmwiOiJodHRwczpcL1wvY2FtcGJlZXJmZXN0LmNvbVwvd3AtY29udGVudFwvdXBsb2Fkc1wvMjAyNVwvMDZcL3BsYW5vLWNhbXBlci5qcGVnIn0%3D\">\n\t\t\t\t\t\t\t<img loading=\"lazy\" decoding=\"async\" width=\"819\" height=\"1024\" src=\"https:\/\/campbeerfest.com\/wp-content\/uploads\/2025\/06\/plano-camper-819x1024.jpeg\" class=\"attachment-large size-large wp-image-213\" alt=\"\" srcset=\"https:\/\/campbeerfest.com\/wp-content\/uploads\/2025\/06\/plano-camper-819x1024.jpeg 819w, https:\/\/campbeerfest.com\/wp-content\/uploads\/2025\/06\/plano-camper-240x300.jpeg 240w, https:\/\/campbeerfest.com\/wp-content\/uploads\/2025\/06\/plano-camper.jpeg 1080w\" sizes=\"100vw\" \/>\t\t\t\t\t\t\t\t<\/a>\n\t\t\t\t\t\t\t\t\t\t\t\t\t\t\t<\/div>\n\t\t\t\t<\/div>\n\t\t\t\t\t<\/div>\n\t\t\t\t<\/div>\n\t\t<div class=\"elementor-element elementor-element-b9a7aaa e-grid e-con-boxed e-con e-parent\" data-id=\"b9a7aaa\" data-element_type=\"container\">\n\t\t\t\t\t<div class=\"e-con-inner\">\n\t\t\t\t<div class=\"elementor-element elementor-element-baef2f9 elementor-widget elementor-widget-text-editor\" data-id=\"baef2f9\" data-element_type=\"widget\" data-widget_type=\"text-editor.default\">\n\t\t\t\t<div class=\"elementor-widget-container\">\n\t\t\t\t\t\t\t\t\t<p>Descarga aqu\u00ed el plano general del recinto del festival<\/p>\t\t\t\t\t\t\t\t<\/div>\n\t\t\t\t<\/div>\n\t\t\t\t<div class=\"elementor-element elementor-element-16ec95c elementor-widget elementor-widget-text-editor\" data-id=\"16ec95c\" data-element_type=\"widget\" data-widget_type=\"text-editor.default\">\n\t\t\t\t<div class=\"elementor-widget-container\">\n\t\t\t\t\t\t\t\t\t<p>Descarga el plano de situaci\u00f3n de la Zona de Descanso y el \u00c1rea Camper<\/p>\t\t\t\t\t\t\t\t<\/div>\n\t\t\t\t<\/div>\n\t\t\t\t<div class=\"elementor-element elementor-element-e320ed6 elementor-widget elementor-widget-text-editor\" data-id=\"e320ed6\" data-element_type=\"widget\" data-widget_type=\"text-editor.default\">\n\t\t\t\t<div class=\"elementor-widget-container\">\n\t\t\t\t\t\t\t\t\t<p>Descarga el plano de situaci\u00f3n del \u00c1rea Camper<\/p>\t\t\t\t\t\t\t\t<\/div>\n\t\t\t\t<\/div>\n\t\t\t\t\t<\/div>\n\t\t\t\t<\/div>\n\t\t<div class=\"elementor-element elementor-element-d0e8147 e-flex e-con-boxed e-con e-parent\" data-id=\"d0e8147\" data-element_type=\"container\">\n\t\t\t\t\t<div class=\"e-con-inner\">\n\t\t\t\t<div class=\"elementor-element elementor-element-c46dfe7 elementor-widget-divider--view-line elementor-widget elementor-widget-divider\" data-id=\"c46dfe7\" data-element_type=\"widget\" data-widget_type=\"divider.default\">\n\t\t\t\t<div class=\"elementor-widget-container\">\n\t\t\t\t\t\t\t<div class=\"elementor-divider\">\n\t\t\t<span class=\"elementor-divider-separator\">\n\t\t\t\t\t\t<\/span>\n\t\t<\/div>\n\t\t\t\t\t\t<\/div>\n\t\t\t\t<\/div>\n\t\t\t\t\t<\/div>\n\t\t\t\t<\/div>\n\t\t<div class=\"elementor-element elementor-element-b4be6b2 e-flex e-con-boxed e-con e-parent\" data-id=\"b4be6b2\" data-element_type=\"container\">\n\t\t\t\t\t<div class=\"e-con-inner\">\n\t\t\t\t<div class=\"elementor-element elementor-element-c7ad005 elementor-widget elementor-widget-text-editor\" data-id=\"c7ad005\" data-element_type=\"widget\" data-widget_type=\"text-editor.default\">\n\t\t\t\t<div class=\"elementor-widget-container\">\n\t\t\t\t\t\t\t\t\t<div class=\"wp-block-column col-md-5\">\n<h2>C\u00f3mo llegar al festival<\/h2>\n<p><!-- \/wp:heading --><!-- wp:paragraph --><\/p>\n<p><span style=\"color: #3366ff;\">En tren:<\/span><\/p>\n<ul>\n<li>En Renfe desde Valladolid, Palencia, Le\u00f3n o Asturias, llegada a Villaman\u00edn, y posteriormente\u00a0 coger taxi a C\u00e1rmenes (Taxi en Villaman\u00edn 650 92 60 79).<\/li>\n<li>En Renfe Ancho M\u00e9trico, desde Le\u00f3n, Cistierna, Guardo o Bilbao, llegada a Matallana y posteriormente coger taxi a C\u00e1rmenes. (Taxi en Matallana <span aria-label=\"Llamar al n\u00famero de tel\u00e9fono 669 87 90 15\">669 87 90 15<\/span>).<\/li>\n<\/ul>\n<p><span style=\"color: #3366ff;\">En bus:<\/span><\/p>\n<ul>\n<li>Desde Le\u00f3n, empresa REYERO (Consultar horarios).<\/li>\n<li>Desde Asturias, ALSA a Villaman\u00edn y posteriormente coger taxi a C\u00e1rmenes (Taxi en Villaman\u00edn 650 92 60 79).<\/li>\n<\/ul>\n<p><!-- \/wp:paragraph --><\/p>\n<\/div>\n<p><!-- \/wp:column --><!-- wp:column {\"className\":\"col-md-6 col-md-offset1\"} --><\/p>\n<div class=\"wp-block-column col-md-6 col-md-offset1\">\n<p><!-- wp:spacer {\"height\":55} --><\/p>\n<p><!-- \/wp:spacer --><!-- wp:image {\"id\":81,\"sizeSlug\":\"large\",\"linkDestination\":\"none\"} --><\/p>\n<figure class=\"wp-block-image size-large\"><\/figure>\n<\/div>\t\t\t\t\t\t\t\t<\/div>\n\t\t\t\t<\/div>\n\t\t\t\t\t<\/div>\n\t\t\t\t<\/div>\n\t\t\t\t<\/div>\n\t\t","protected":false},"excerpt":{"rendered":"<p>Reservar Zona de Descanso Reservar Zona Camper \u00a0Reserva la Zona de Descanso y el \u00c1rea Camper Reserva por la web Accede al apartado Camping y reserva a trav\u00e9s de nuestro formulario, la opci\u00f3n que prefieras, para venir al festival Paga al llegar Cuando llegues al festival, busca el punto de informaci\u00f3n y realiza el pago &hellip; <\/p>\n<p class=\"link-more\"><a href=\"https:\/\/campbeerfest.com\/\" class=\"more-link\">Read more<span class=\"screen-reader-text\"> &#8220;Inicio&#8221;<\/span><\/a><\/p>\n","protected":false},"author":2,"featured_media":0,"parent":0,"menu_order":0,"comment_status":"closed","ping_status":"closed","template":"","meta":{"_themeisle_gutenberg_block_has_review":false,"footnotes":""},"class_list":["post-29","page","type-page","status-publish","hentry"],"_links":{"self":[{"href":"https:\/\/campbeerfest.com\/index.php\/wp-json\/wp\/v2\/pages\/29","targetHints":{"allow":["GET"]}}],"collection":[{"href":"https:\/\/campbeerfest.com\/index.php\/wp-json\/wp\/v2\/pages"}],"about":[{"href":"https:\/\/campbeerfest.com\/index.php\/wp-json\/wp\/v2\/types\/page"}],"author":[{"embeddable":true,"href":"https:\/\/campbeerfest.com\/index.php\/wp-json\/wp\/v2\/users\/2"}],"replies":[{"embeddable":true,"href":"https:\/\/campbeerfest.com\/index.php\/wp-json\/wp\/v2\/comments?post=29"}],"version-history":[{"count":18,"href":"https:\/\/campbeerfest.com\/index.php\/wp-json\/wp\/v2\/pages\/29\/revisions"}],"predecessor-version":[{"id":219,"href":"https:\/\/campbeerfest.com\/index.php\/wp-json\/wp\/v2\/pages\/29\/revisions\/219"}],"wp:attachment":[{"href":"https:\/\/campbeerfest.com\/index.php\/wp-json\/wp\/v2\/media?parent=29"}],"curies":[{"name":"wp","href":"https:\/\/api.w.org\/{rel}","templated":true}]}}