{"id":177,"date":"2025-06-11T02:29:16","date_gmt":"2025-06-11T02:29:16","guid":{"rendered":"http:\/\/campbeerfest.com\/?page_id=177"},"modified":"2025-06-11T15:54:29","modified_gmt":"2025-06-11T15:54:29","slug":"faqs","status":"publish","type":"page","link":"https:\/\/campbeerfest.com\/index.php\/faqs\/","title":{"rendered":"FAQs"},"content":{"rendered":"\t\t<div data-elementor-type=\"wp-page\" data-elementor-id=\"177\" class=\"elementor elementor-177\" data-elementor-post-type=\"page\">\n\t\t\t\t<div class=\"elementor-element elementor-element-3571178 e-flex e-con-boxed e-con e-parent\" data-id=\"3571178\" data-element_type=\"container\">\n\t\t\t\t\t<div class=\"e-con-inner\">\n\t\t\t\t<div class=\"elementor-element elementor-element-3a24f78 elementor-widget elementor-widget-text-editor\" data-id=\"3a24f78\" data-element_type=\"widget\" data-widget_type=\"text-editor.default\">\n\t\t\t\t<div class=\"elementor-widget-container\">\n\t\t\t\t\t\t\t\t\t<h3 data-start=\"244\" data-end=\"281\">Preguntas<strong data-start=\"248\" data-end=\"279\"> Frecuentes (FAQs)<\/strong><\/h3>\n<h4 data-start=\"282\" data-end=\"328\">Campbeer Festival C\u00e1rmenes (Le\u00f3n)<\/h4>\n<hr data-start=\"330\" data-end=\"333\">\n<p data-start=\"335\" data-end=\"515\"><strong data-start=\"335\" data-end=\"373\"><img decoding=\"async\" draggable=\"false\" role=\"img\" class=\"emoji\" alt=\"\ud83d\udcc5\" src=\"https:\/\/s.w.org\/images\/core\/emoji\/15.1.0\/svg\/1f4c5.svg\"> \u00bfCu\u00e1ndo se celebra el Festival?<\/strong><br data-start=\"373\" data-end=\"376\">El Festival de la Cerveza de C\u00e1rmenes se celebrar\u00e1 los d\u00edas<strong data-start=\"436\" data-end=\"483\">&nbsp;21 y 22 de junio de 2025<\/strong>, durante todo el fin de semana.<\/p>\n<hr data-start=\"517\" data-end=\"520\">\n<p data-start=\"522\" data-end=\"742\"><strong data-start=\"522\" data-end=\"557\"><img decoding=\"async\" draggable=\"false\" role=\"img\" class=\"emoji\" alt=\"\ud83d\udccd\" src=\"https:\/\/s.w.org\/images\/core\/emoji\/15.1.0\/svg\/1f4cd.svg\"> \u00bfD\u00f3nde se realiza el evento?<\/strong><br data-start=\"557\" data-end=\"560\">El festival tiene lugar en el entorno del&nbsp;<strong data-start=\"590\" data-end=\"632\">polideportivo de C\u00e1rmenes<\/strong>, en la monta\u00f1a leonesa, con \u00e1rea camper y zona de descanso. Habr\u00e1 se\u00f1alizaci\u00f3n para facilitar el acceso.<\/p>\n<hr data-start=\"744\" data-end=\"747\">\n<p data-start=\"749\" data-end=\"991\"><strong data-start=\"749\" data-end=\"795\"><img decoding=\"async\" draggable=\"false\" role=\"img\" class=\"emoji\" alt=\"\ud83c\udf7b\" src=\"https:\/\/s.w.org\/images\/core\/emoji\/15.1.0\/svg\/1f37b.svg\"> \u00bfQu\u00e9 tipo de cervezas se podr\u00e1n probar?<\/strong><br data-start=\"795\" data-end=\"798\">Contaremos con una selecci\u00f3n de <strong data-start=\"830\" data-end=\"890\">cervezas craft nacionales e internacionales<\/strong>. Desde rubias suaves hasta IPAs, stouts y cervezas de temporada. Tambi\u00e9n habr\u00e1 opciones sin alcohol y sin gluten.<\/p>\n<hr data-start=\"993\" data-end=\"996\">\n<p data-start=\"998\" data-end=\"1207\"><strong data-start=\"998\" data-end=\"1036\"><img decoding=\"async\" draggable=\"false\" role=\"img\" class=\"emoji\" alt=\"\ud83c\udf9f\ufe0f\" src=\"https:\/\/s.w.org\/images\/core\/emoji\/15.1.0\/svg\/1f39f.svg\"> \u00bfEs necesario comprar entrada?<\/strong><br data-start=\"1036\" data-end=\"1039\">La entrada al recinto es <strong data-start=\"1064\" data-end=\"1076\">gratuita<\/strong>. Solo se paga la compra del vaso y lo que consumas. La zona de descanso y el \u00e1rea camper s\u00ed tienen coste. Algunos talleres especiales pueden tener un coste adicional y requieren inscripci\u00f3n previa.<\/p>\n<hr data-start=\"1209\" data-end=\"1212\">\n<p data-start=\"1214\" data-end=\"1256\"><strong data-start=\"1214\" data-end=\"1254\"><img decoding=\"async\" draggable=\"false\" role=\"img\" class=\"emoji\" alt=\"\ud83d\udd52\" src=\"https:\/\/s.w.org\/images\/core\/emoji\/15.1.0\/svg\/1f552.svg\"> \u00bfCu\u00e1l es el horario del festival?<\/strong><\/p>\n<ul data-start=\"1257\" data-end=\"1334\">\n<li data-start=\"1284\" data-end=\"1309\">\n<p data-start=\"1286\" data-end=\"1309\">S\u00e1bado: 12:00 &#8211; 00:00<\/p>\n<\/li>\n<li data-start=\"1310\" data-end=\"1334\">\n<p data-start=\"1312\" data-end=\"1334\">Domingo: 12:00 &#8211; 18:00<\/p>\n<\/li>\n<\/ul>\n<hr data-start=\"1336\" data-end=\"1339\">\n<p data-start=\"1341\" data-end=\"1522\"><strong data-start=\"1341\" data-end=\"1377\"><img decoding=\"async\" draggable=\"false\" role=\"img\" class=\"emoji\" alt=\"\ud83c\udf74\" src=\"https:\/\/s.w.org\/images\/core\/emoji\/15.1.0\/svg\/1f374.svg\"> \u00bfHabr\u00e1 comida en el festival?<\/strong><br data-start=\"1377\" data-end=\"1380\">\u00a1S\u00ed! Habr\u00e1 <strong data-start=\"1391\" data-end=\"1431\">puestos de comida local, food trucks<\/strong> y especialidades leonesas como la cecina, el chorizo, la empanada y opciones vegetarianas.<\/p>\n<hr data-start=\"1524\" data-end=\"1527\">\n<p data-start=\"1529\" data-end=\"1736\"><strong data-start=\"1529\" data-end=\"1572\"><img decoding=\"async\" draggable=\"false\" role=\"img\" class=\"emoji\" alt=\"\ud83c\udfb6\" src=\"https:\/\/s.w.org\/images\/core\/emoji\/15.1.0\/svg\/1f3b6.svg\"> \u00bfHay m\u00fasica o actividades paralelas?<\/strong><br data-start=\"1572\" data-end=\"1575\">S\u00ed. Cada d\u00eda habr\u00e1 <strong data-start=\"1594\" data-end=\"1673\">conciertos en directo, DJ sets, juegos populares, catas guiadas y concursos<\/strong>.<\/p>\n<hr data-start=\"1738\" data-end=\"1741\">\n<p data-start=\"1743\" data-end=\"1944\"><strong data-start=\"1743\" data-end=\"1782\"><img decoding=\"async\" draggable=\"false\" role=\"img\" class=\"emoji\" alt=\"\ud83d\udc68\u200d\ud83d\udc69\u200d\ud83d\udc67\u200d\ud83d\udc66\" src=\"https:\/\/s.w.org\/images\/core\/emoji\/15.1.0\/svg\/1f468-200d-1f469-200d-1f467-200d-1f466.svg\"> \u00bfEs un evento familiar?<\/strong><br data-start=\"1782\" data-end=\"1785\">\u00a1Totalmente! Habr\u00e1 <strong data-start=\"1804\" data-end=\"1849\">zona infantil con actividades para peques<\/strong>, animaci\u00f3n y espacios tranquilos para familias. Tambi\u00e9n habr\u00e1 bebidas sin alcohol y refrescos.<\/p>\n<hr data-start=\"1946\" data-end=\"1949\">\n<p data-start=\"1951\" data-end=\"2140\"><strong data-start=\"1951\" data-end=\"1987\"><img decoding=\"async\" draggable=\"false\" role=\"img\" class=\"emoji\" alt=\"\ud83d\ude97\" src=\"https:\/\/s.w.org\/images\/core\/emoji\/15.1.0\/svg\/1f697.svg\"> \u00bfSe puede aparcar f\u00e1cilmente?<\/strong><br data-start=\"1987\" data-end=\"1990\">S\u00ed. Se habilitar\u00e1n zonas de aparcamiento junto al festival, que tendr\u00e1n un coste de 3\u20ac. Voluntarios te ayudar\u00e1n a orientarte. Tambi\u00e9n recomendamos compartir coche.<\/p>\n<hr data-start=\"2142\" data-end=\"2145\">\n<p data-start=\"2147\" data-end=\"2371\"><strong data-start=\"2147\" data-end=\"2192\"><img decoding=\"async\" draggable=\"false\" role=\"img\" class=\"emoji\" alt=\"\ud83c\udfd5\ufe0f\" src=\"https:\/\/s.w.org\/images\/core\/emoji\/15.1.0\/svg\/1f3d5.svg\"> \u00bfHay alojamiento en C\u00e1rmenes o cerca?<\/strong><br data-start=\"2192\" data-end=\"2195\">S\u00ed, pero es limitado. Puedes reservar en <strong data-start=\"2236\" data-end=\"2275\">casas rurales, albergues o campings<\/strong> de la zona. Recomendamos reservar con antelaci\u00f3n. No obstante, disponemos de zona de descanso para tiendas de campa\u00f1a, y \u00e1rea para camper y autocaravanas (consultar precios en la web).<\/p>\n<hr data-start=\"2373\" data-end=\"2376\">\n<p data-start=\"2378\" data-end=\"2532\"><strong data-start=\"2378\" data-end=\"2408\"><img decoding=\"async\" draggable=\"false\" role=\"img\" class=\"emoji\" alt=\"\ud83e\uddfc\" src=\"https:\/\/s.w.org\/images\/core\/emoji\/15.1.0\/svg\/1f9fc.svg\"> \u00bfHay ba\u00f1os disponibles?<\/strong><br data-start=\"2408\" data-end=\"2411\">S\u00ed. El recinto cuenta con <strong data-start=\"2437\" data-end=\"2479\">servicios port\u00e1tiles y zonas de lavado<\/strong>, adem\u00e1s de puntos de reciclaje y limpieza constante.<\/p>\n<hr data-start=\"2534\" data-end=\"2537\">\n<p data-start=\"2539\" data-end=\"2734\"><strong data-start=\"2539\" data-end=\"2586\"><img decoding=\"async\" draggable=\"false\" role=\"img\" class=\"emoji\" alt=\"\ud83d\udcf1\" src=\"https:\/\/s.w.org\/images\/core\/emoji\/15.1.0\/svg\/1f4f1.svg\"> \u00bfC\u00f3mo puedo estar al tanto de novedades?<\/strong><br data-start=\"2586\" data-end=\"2589\">S\u00edguenos en Instagram, en la cuenta&nbsp;<strong data-start=\"2616\" data-end=\"2636\">@campbeerfestcarmenes, <\/strong>donde subiremos toda la informaci\u00f3n relevante para el festival.2<\/p>\t\t\t\t\t\t\t\t<\/div>\n\t\t\t\t<\/div>\n\t\t\t\t\t<\/div>\n\t\t\t\t<\/div>\n\t\t\t\t<\/div>\n\t\t","protected":false},"excerpt":{"rendered":"<p>Preguntas Frecuentes (FAQs) Campbeer Festival C\u00e1rmenes (Le\u00f3n) \u00bfCu\u00e1ndo se celebra el Festival?El Festival de la Cerveza de C\u00e1rmenes se celebrar\u00e1 los d\u00edas&nbsp;21 y 22 de junio de 2025, durante todo el fin de semana. \u00bfD\u00f3nde se realiza el evento?El festival tiene lugar en el entorno del&nbsp;polideportivo de C\u00e1rmenes, en la monta\u00f1a leonesa, con \u00e1rea camper &hellip; <\/p>\n<p class=\"link-more\"><a href=\"https:\/\/campbeerfest.com\/index.php\/faqs\/\" class=\"more-link\">Read more<span class=\"screen-reader-text\"> &#8220;FAQs&#8221;<\/span><\/a><\/p>\n","protected":false},"author":2,"featured_media":0,"parent":0,"menu_order":0,"comment_status":"closed","ping_status":"closed","template":"","meta":{"_themeisle_gutenberg_block_has_review":false,"footnotes":""},"class_list":["post-177","page","type-page","status-publish","hentry"],"_links":{"self":[{"href":"https:\/\/campbeerfest.com\/index.php\/wp-json\/wp\/v2\/pages\/177","targetHints":{"allow":["GET"]}}],"collection":[{"href":"https:\/\/campbeerfest.com\/index.php\/wp-json\/wp\/v2\/pages"}],"about":[{"href":"https:\/\/campbeerfest.com\/index.php\/wp-json\/wp\/v2\/types\/page"}],"author":[{"embeddable":true,"href":"https:\/\/campbeerfest.com\/index.php\/wp-json\/wp\/v2\/users\/2"}],"replies":[{"embeddable":true,"href":"https:\/\/campbeerfest.com\/index.php\/wp-json\/wp\/v2\/comments?post=177"}],"version-history":[{"count":10,"href":"https:\/\/campbeerfest.com\/index.php\/wp-json\/wp\/v2\/pages\/177\/revisions"}],"predecessor-version":[{"id":196,"href":"https:\/\/campbeerfest.com\/index.php\/wp-json\/wp\/v2\/pages\/177\/revisions\/196"}],"wp:attachment":[{"href":"https:\/\/campbeerfest.com\/index.php\/wp-json\/wp\/v2\/media?parent=177"}],"curies":[{"name":"wp","href":"https:\/\/api.w.org\/{rel}","templated":true}]}}