{"id":151,"date":"2025-06-11T00:59:27","date_gmt":"2025-06-11T00:59:27","guid":{"rendered":"http:\/\/campbeerfest.com\/?page_id=151"},"modified":"2025-06-11T01:04:47","modified_gmt":"2025-06-11T01:04:47","slug":"politica-de-privacidad","status":"publish","type":"page","link":"https:\/\/campbeerfest.com\/index.php\/politica-de-privacidad\/","title":{"rendered":"Pol\u00edtica de Privacidad"},"content":{"rendered":"\t\t<div data-elementor-type=\"wp-page\" data-elementor-id=\"151\" class=\"elementor elementor-151\" data-elementor-post-type=\"page\">\n\t\t\t\t<div class=\"elementor-element elementor-element-6fbb748 e-flex e-con-boxed e-con e-parent\" data-id=\"6fbb748\" data-element_type=\"container\">\n\t\t\t\t\t<div class=\"e-con-inner\">\n\t\t\t\t<div class=\"elementor-element elementor-element-3fab698 elementor-widget elementor-widget-text-editor\" data-id=\"3fab698\" data-element_type=\"widget\" data-widget_type=\"text-editor.default\">\n\t\t\t\t<div class=\"elementor-widget-container\">\n\t\t\t\t\t\t\t\t\t<p>Recuerde leer adicionalmente el\u00a0<a href=\"http:\/\/campbeerfest.com\/index.php\/aviso-legal\/\">Aviso Legal<\/a>\u00a0y la\u00a0<a href=\"http:\/\/campbeerfest.com\/index.php\/politica-de-cookies\/\">Pol\u00edtica de Cookies<\/a><\/p><p>Estimado Usuario:<\/p><p>Con motivo de la aplicaci\u00f3n del Reglamento UE 2016\/679 General de Protecci\u00f3n de Datos (RGPD) relativo a la protecci\u00f3n de las personas f\u00edsicas en lo que respecta al tratamiento de datos personales y a la libre circulaci\u00f3n de estos datos, CAMPBEERFEST.COM se ha adaptado al Nuevo Reglamento Europeo de Protecci\u00f3n de Datos Personales (RGPD) A trav\u00e9s de esta comunicaci\u00f3n les informamos que la forma y finalidades para las que tratamos sus datos ser\u00e1n para:<\/p><ol><li>Participaci\u00f3n en alguna de las actividades que realizamos en la entidad, ficha de cliente o ficha de alumno para la formaci\u00f3n.<\/li><li>Enviar campa\u00f1as de mailing a trav\u00e9s de la plataforma externa Mailchimp.<\/li><li>Participar en sorteos, en el caso de que se requiera el correo para este uso.<\/li><li>Recepcionar curr\u00edculums, en el caso de que se publique una oferta p\u00fablica de empleo a trav\u00e9s de esta p\u00e1gina web. Tras la finalizaci\u00f3n del proceso de selecci\u00f3n de dicha oferta, se proceder\u00e1 a eliminar todos los curr\u00edculums recibidos para proteger los datos de los candidatos.<\/li><\/ol><p>Los datos no se ceder\u00e1n a terceros salvo en los casos en que exista una obligaci\u00f3n legal. Usted tiene derecho a obtener informaci\u00f3n sobre los mismos. En el caso de los datos obtenidos en la venta de entradas, en esta p\u00e1gina se describen las condiciones generales de uso de la plataforma online de venta de entradas.<\/p><p>Le informamos que puede ejercer su derecho a acceder a sus datos personales, rectificar los datos inexactos o solicitar su supresi\u00f3n cuando los datos ya no sean necesarios para los fines que fueron recogidos o a revocar su consentimiento en cualquier momento en los t\u00e9rminos previstos en la ley, que podr\u00e1 ejercitar mediante escrito dirigido al responsable de los mismos en el correo info@campbeerfest.com.<\/p><p><strong>Tratamiento y Cesi\u00f3n de Datos<\/strong><\/p><p>Le informamos que conforme dispone el Reglamento (UE) 2016\/679 del Parlamento Europeo y del Consejo, de 27 de abril de 2016, relativo a la protecci\u00f3n de las personas f\u00edsicas en lo referente al tratamiento de datos personales y a la libre circulaci\u00f3n de estos, que los datos personales facilitados y recogidos en las solicitudes de empleo o curr\u00edculum vitae de los formularios de esta web, ser\u00e1n tratados e incluidos automatizadamente en los ficheros de datos personales bajo responsabilidad de la empresa, donde se recogen y almacenan los datos personales con la finalidad exclusiva de formar parte en los procesos de selecci\u00f3n de personal, bolsa de trabajo y contrataci\u00f3n que se lleven a cabo.<\/p><p>El interesado otorga su consentimiento para el tratamiento de sus datos personales con la finalidad anteriormente mencionada. En el supuesto de producirse alguna modificaci\u00f3n de sus datos personales, le solicitamos, nos lo comunique por escrito con la \u00fanica finalidad de mantener actualizada su solicitud de empleo o curr\u00edculum vitae.<\/p><p>El titular de los datos personales consiente expresa e inequ\u00edvocamente a que sus datos personales se cedan a otras organizaciones interesadas en determinados perfiles de trabajo. Desde la entidad se garantiza el buen uso de la informaci\u00f3n, y en especial, la plena confidencialidad de los datos de car\u00e1cter personal contenidos en nuestros ficheros, as\u00ed como el pleno cumplimiento de las obligaciones en materia de protecci\u00f3n de datos de car\u00e1cter personal.<\/p><p>De acuerdo con lo establecido en el Reglamento (UE) 2016\/679 del Parlamento Europeo y del Consejo, de 27 de abril de 2016, relativo a la protecci\u00f3n de las personas f\u00edsicas en lo referente al tratamiento de datos personales y a la libre circulaci\u00f3n de estos, la entidad se compromete a respetar su confidencialidad en el tratamiento de sus datos personales, y le informa que tiene derecho a ejercitar los derechos ARCO (derecho de acceso, rectificaci\u00f3n, cancelaci\u00f3n y oposici\u00f3n) de sus datos personales mediante solicitud escrita, adjuntando fotocopia del D.N.I., dirigida a la empresa que corresponda en cada festival (consultar la Pol\u00edtica de Tratamiento y Cesi\u00f3n de datos de cada formulario).<\/p>\t\t\t\t\t\t\t\t<\/div>\n\t\t\t\t<\/div>\n\t\t\t\t\t<\/div>\n\t\t\t\t<\/div>\n\t\t\t\t<\/div>\n\t\t","protected":false},"excerpt":{"rendered":"<p>Recuerde leer adicionalmente el\u00a0Aviso Legal\u00a0y la\u00a0Pol\u00edtica de Cookies Estimado Usuario: Con motivo de la aplicaci\u00f3n del Reglamento UE 2016\/679 General de Protecci\u00f3n de Datos (RGPD) relativo a la protecci\u00f3n de las personas f\u00edsicas en lo que respecta al tratamiento de datos personales y a la libre circulaci\u00f3n de estos datos, CAMPBEERFEST.COM se ha adaptado al &hellip; <\/p>\n<p class=\"link-more\"><a href=\"https:\/\/campbeerfest.com\/index.php\/politica-de-privacidad\/\" class=\"more-link\">Read more<span class=\"screen-reader-text\"> &#8220;Pol\u00edtica de Privacidad&#8221;<\/span><\/a><\/p>\n","protected":false},"author":2,"featured_media":0,"parent":0,"menu_order":0,"comment_status":"closed","ping_status":"closed","template":"","meta":{"_themeisle_gutenberg_block_has_review":false,"footnotes":""},"class_list":["post-151","page","type-page","status-publish","hentry"],"_links":{"self":[{"href":"https:\/\/campbeerfest.com\/index.php\/wp-json\/wp\/v2\/pages\/151","targetHints":{"allow":["GET"]}}],"collection":[{"href":"https:\/\/campbeerfest.com\/index.php\/wp-json\/wp\/v2\/pages"}],"about":[{"href":"https:\/\/campbeerfest.com\/index.php\/wp-json\/wp\/v2\/types\/page"}],"author":[{"embeddable":true,"href":"https:\/\/campbeerfest.com\/index.php\/wp-json\/wp\/v2\/users\/2"}],"replies":[{"embeddable":true,"href":"https:\/\/campbeerfest.com\/index.php\/wp-json\/wp\/v2\/comments?post=151"}],"version-history":[{"count":4,"href":"https:\/\/campbeerfest.com\/index.php\/wp-json\/wp\/v2\/pages\/151\/revisions"}],"predecessor-version":[{"id":156,"href":"https:\/\/campbeerfest.com\/index.php\/wp-json\/wp\/v2\/pages\/151\/revisions\/156"}],"wp:attachment":[{"href":"https:\/\/campbeerfest.com\/index.php\/wp-json\/wp\/v2\/media?parent=151"}],"curies":[{"name":"wp","href":"https:\/\/api.w.org\/{rel}","templated":true}]}}