{"id":134,"date":"2025-06-11T00:29:44","date_gmt":"2025-06-11T00:29:44","guid":{"rendered":"http:\/\/campbeerfest.com\/?page_id=134"},"modified":"2025-06-11T01:18:00","modified_gmt":"2025-06-11T01:18:00","slug":"aviso-legal","status":"publish","type":"page","link":"https:\/\/campbeerfest.com\/index.php\/aviso-legal\/","title":{"rendered":"Aviso Legal"},"content":{"rendered":"\t\t<div data-elementor-type=\"wp-page\" data-elementor-id=\"134\" class=\"elementor elementor-134\" data-elementor-post-type=\"page\">\n\t\t\t\t<div class=\"elementor-element elementor-element-41ffc41 e-flex e-con-boxed e-con e-parent\" data-id=\"41ffc41\" data-element_type=\"container\">\n\t\t\t\t\t<div class=\"e-con-inner\">\n\t\t\t\t<div class=\"elementor-element elementor-element-4cd6217 elementor-widget elementor-widget-text-editor\" data-id=\"4cd6217\" data-element_type=\"widget\" data-widget_type=\"text-editor.default\">\n\t\t\t\t<div class=\"elementor-widget-container\">\n\t\t\t\t\t\t\t\t\t<p>Recuerde leer adicionalmente la Pol\u00edtica de Cookies <a href=\"http:\/\/campbeerfest.com\/index.php\/politica-de-cookies\/\">Pol\u00edtica de Cookies<\/a> y la\u00a0<a href=\"http:\/\/campbeerfest.com\/index.php\/politica-de-privacidad\/\">Pol\u00edtica de Privacidad<\/a><\/p><p>La utilizaci\u00f3n de este Sitio Web est\u00e1 sujeta a las condiciones que se exponen a continuaci\u00f3n.<\/p><p><strong>1- Identificaci\u00f3n<\/strong><\/p><p>En cumplimiento del deber de informaci\u00f3n recogido en el art\u00edculo 10 de la Ley 34\/2002, de 11 de julio, de Servicios de la Sociedad de la Informaci\u00f3n y del Comercio Electr\u00f3nico (en adelante LSSICE), a continuaci\u00f3n, se ponen en su conocimiento los siguientes datos sobre el titular de la web:<\/p><p>DENOMINACI\u00d3N SOCIAL: Campbeer Fest<\/p><p>EMAIL DE CONTACTO: info@campbeerfest.com<\/p><p>El presente aviso legal regula el uso de la web https:\/\/campbeerfest.com\/ ( en adelante, el \u201cSitio web\u201d).<\/p><p><strong>2- Condiciones de uso<\/strong><\/p><p>Toda persona que acceda a este sitio web tiene la consideraci\u00f3n de usuario, aceptando dicho acceso y\/o uso, todas las cl\u00e1usulas establecidas en el presente texto, comprometi\u00e9ndose a la observancia y cumplimiento riguroso de las disposiciones aqu\u00ed dispuestas , as\u00ed como cualquier otra disposici\u00f3n legal que fuera de aplicaci\u00f3n.<\/p><p>Campbeer Fest pone a disposici\u00f3n de los usuarios el presente documento, con el que pretende dar cumplimiento a las obligaciones dispuestas en la LSSICE, BOE N\u00ba 166.<\/p><p>As\u00ed mismo, Campbeer Fest, pone en conocimiento de los usuarios de este sitio web, que \u00e9stas condiciones pueden ser modificadas sin notificaci\u00f3n previa. El acceso o utilizaci\u00f3n implican la aceptaci\u00f3n por parte del Usuario de todas las condiciones generales que Campbeer Fest tenga publicadas en el momento de dicho acceso o uso.<\/p><p>Campbeer Fest, a trav\u00e9s de esta web , pone a disposici\u00f3n de los usuarios informaci\u00f3n y contenido respecto a los servicios que presta, entre los que podemos destacar, 1- Informaci\u00f3n sobre quienes somos y nuestros servicios, 2- Posibilidad de contactar a la empresa, a trav\u00e9s de email de contacto, formulario de contacto 3- Venta de servicios, 4- Venta de productos, 5 \u2013 Recepci\u00f3n de Curriculums, Tras la finalizaci\u00f3n del proceso de selecci\u00f3n de dicha oferta, se proceder\u00e1 a eliminar todos los curr\u00edculums recibidos para proteger los datos de los candidatos. Los datos no se ceder\u00e1n a terceros salvo en los casos en que exista una obligaci\u00f3n legal, 6 \u2013 participar en sorteos, en el caso de que se requiera el correo para este uso<\/p><p>Toda la informaci\u00f3n relativa a privacidad, la tienes en nuestra\u00a0<a href=\"http:\/\/campbeerfest.com\/index.php\/politica-de-privacidad\/\">Pol\u00edtica de Privacidad<\/a>.<\/p><p>\u00a0El usuario u organizador se compromete a hacer un uso diligente del contenido y de los servicios accesibles desde este Sitio Web, con total sujeci\u00f3n a la ley, a las buenas costumbres y las presentes Condiciones Generales, as\u00ed como manteniendo el debido respeto a los dem\u00e1s usuarios y organizadores. Queda expresamente prohibido cualquier uso diferente a la finalidad de este Sitio Web. As\u00ed, el usuario u organizador renunciar\u00e1 a utilizar cualquiera de los materiales e informaciones contenidos en este Sitio Web con fines il\u00edcitos y expresamente prohibidos en las presentes Condiciones Generales de Uso o actuaciones que resulten contrarias a los derechos e intereses de Entradas a tu alcance, sus miembros y\/o terceros, y deber\u00e1 responder frente a los mismos en caso de contravenir o incumplir dichas obligaciones y\/o que, de cualquier modo (incluida la introducci\u00f3n o difusi\u00f3n de \u2018virus inform\u00e1ticos\u2019), da\u00f1e, inutilice, sobrecargue, deteriore o impida la normal utilizaci\u00f3n de los materiales e informaciones contenidos en el Sitio Web, los sistemas de informaci\u00f3n o los documentos, archivos y toda clase de contenidos almacenados en cualquier equipo inform\u00e1tico (hacking) de Campbeer Fest, de sus miembros o de cualquier usuario del Sitio Web. El Usuario que incumpla intencional o culpablemente cualquiera de las precedentes obligaciones responder\u00e1 de todos los da\u00f1os y perjuicios que cause.\u00a0 Campbeer Fest se reserva el derecho de suspender de forma inmediata la prestaci\u00f3n del servicio para retirar los contenidos presunta o declaradamente ilegales o a anular los perfiles de usuarios u organizadores que no cumplan con estas condiciones generales, ya lo realice a su exclusivo criterio, ya a petici\u00f3n de un tercero afectado, debidamente identificado, o de la autoridad competente. Dicha suspensi\u00f3n o retirada no dar\u00e1 en ning\u00fan caso derecho a indemnizaci\u00f3n ninguna.<\/p><p><strong>3- Formularios de recogida de datos<\/strong><\/p><p>Sin perjuicio de lo dispuesto en nuestra pol\u00edtica de privacidad, en la utilizaci\u00f3n de ciertas partes de la presente web puede ser necesario introducir datos personales.<\/p><p>Toda la informaci\u00f3n que facilite el usuario a trav\u00e9s de los formularios de esta web a los efectos anteriores o cualesquiera otros deber\u00e1 ser veraz. A estos efectos, el usuario garantiza la autenticidad de todos aquellos datos que comunique y mantendr\u00e1 la informaci\u00f3n facilitada a Campbeer Fest, perfectamente actualizada de forma que responda en todo momento a la situaci\u00f3n real del usuario. En todo caso ser\u00e1 el usuario el \u00fanico responsable de las manifestaciones falsas e inexactas que realice y de los perjuicios que cause a Campbeer Fest o a sus colaboradores por la informaci\u00f3n que facilite.<\/p><p><strong>De la responsabilidad del usuario por el acceso y uso de esta plataforma<\/strong><\/p><p>Este Sitio Web ofrece acceso a diversos contenidos e informaciones, as\u00ed como a servicios que requieren el registro del usuario o el organizador. Al registrarse en l\u00ednea, el usuario y organizador se compromete a suministrar informaci\u00f3n veraz, exacta, l\u00edcita, actualizada y completa sobre su identidad (nombre, apellido, e-mail, tel\u00e9fono, direcci\u00f3n, poblaci\u00f3n, c\u00f3digo postal, pa\u00eds, sexo) como se solicita en el formulario de registro a los Servicios. De igual modo queda prohibido el uso del Sitio Web para el env\u00edo de publicidad o comunicaciones comerciales, para la emisi\u00f3n de mensajes con finalidad publicitaria o para la captaci\u00f3n de datos con el mismo fin, incluyendo pr\u00e1cticas progresivas de adquisici\u00f3n de clientes (tales como ventas piramidales o sistemas de cadenas de distribuci\u00f3n). Con independencia de su finalidad, tampoco podr\u00e1 el usuario o el organizador utilizar en modo alguno el Sitio Web para remitir correos electr\u00f3nicos, con car\u00e1cter masivo y\/o repetitivo, no solicitados, a una pluralidad de personas, ni mandar direcciones de correo electr\u00f3nico de terceros sin su consentimiento. El usuario se compromete a hacer un uso adecuado de los contenidos y servicios que Campbeer Fest pueda ofrecer a trav\u00e9s de sus sitios web y con car\u00e1cter enunciativo pero no limitativo, a no emplearlos para (I) incurrir en actividades il\u00edcitas, ilegales o contrarias a la buena fe y al orden p\u00fablico; (II) difundir contenidos o propaganda de car\u00e1cter racista, xen\u00f3fobo, pornogr\u00e1fico-ilegal, de apolog\u00eda del terrorismo o atentatorio contra los derechos humanos; (III) provocar da\u00f1os en los sistemas f\u00edsicos y l\u00f3gicos de Campbeer Fest, de sus proveedores o de terceras personas, introducir o difundir en la red virus inform\u00e1ticos o cualesquiera otros sistemas f\u00edsicos o l\u00f3gicos que sean susceptibles de provocar los da\u00f1os anteriormente mencionados; (IV) intentar acceder y, en su caso, utilizar las cuentas de correo electr\u00f3nico de otros usuarios y modificar o manipular sus mensajes. Queda terminantemente prohibida la utilizaci\u00f3n de identidades ajenas y, en particular, la suplantaci\u00f3n de personalidades. Por lo anterior, se advierte expresamente al usuario que, en el momento que Campbeer Fest tenga indicios de que los mismos han suplantado la personalidad de un tercero, podr\u00e1 suspender el acceso al sitio web. Campbeer Fest podr\u00e1 poner en conocimiento y colaborar oportunamente con las autoridades policiales y judiciales competentes si considerase que la suplantaci\u00f3n de la identidad pudiera suponer la comisi\u00f3n de un delito. Campbeer Fest s\u00f3lo aceptar\u00e1 reclamaciones legales en su contra por da\u00f1os a usuarios u organizadores en caso de haber cometido alg\u00fan tipo de negligencia o si ha incumplido alguna de sus obligaciones b\u00e1sicas seg\u00fan estas condiciones. Siente Occidente velar\u00e1, en la medida de lo razonablemente posible, por la seguridad inform\u00e1tica de los soportes t\u00e9cnicos usados por el usuario y organizador en su navegaci\u00f3n por las p\u00e1ginas del Sitio Web. Sin embargo, debido a que Internet no puede ser considerado un medio seguro, Campbeer Fest no puede garantizar la ausencia de virus u otros elementos lesivos, introducidos por terceros, que pudieran causar da\u00f1os o alteraciones en el sistema inform\u00e1tico, en los documentos electr\u00f3nicos o en los ficheros del usuario que visite este Sitio Web. En consecuencia, Campbeer Fest no responder\u00e1 por los da\u00f1os y perjuicios que tales elementos pudieran ocasionar al usuario, organizador o terceros. De igual modo Campbeer Fest no garantiza una continuidad del servicio ya que, respecto a ese problema, s\u00f3lo est\u00e1 sometida a una obligaci\u00f3n de medios, y excluye cualquier responsabilidad por los da\u00f1os y perjuicios de toda naturaleza que pudieran deberse a la interrupci\u00f3n temporal en el acceso a uno de los servicios dados en el portal. Campbeer Fest no podr\u00e1 ser considerado responsable, ya sea directo o indirecto, de los da\u00f1os derivados del mal uso de este Sitio Web o sus contenidos por los usuarios, ni por cualquier actuaci\u00f3n realizada sobre la base de la informaci\u00f3n que en ella se facilita. Campbeer Fest podr\u00e1 limitar el acceso al Sitio Web de opiniones, informaciones, comentarios o im\u00e1genes que los usuarios le hagan llegar, por lo que puede instalar, si as\u00ed lo considera oportuno, filtros a tales efectos. La anterior facultad no supone en modo alguno la obligaci\u00f3n de Campbeer Fest de controlar los contenidos que puedan difundirse a trav\u00e9s de su Sitio Web, sino \u00fanicamente una expresi\u00f3n de su voluntad de evitar en la medida de lo posible que a trav\u00e9s del mismo puedan verterse contenidos u opiniones que puedan ser considerados difamatorios, violentos, racistas, sexistas, xen\u00f3fobos, discriminatorios, pornogr\u00e1ficos, que atenten contra la juventud o la infancia, el orden o que, de cualquier modo, contrar\u00eden la moral, el orden p\u00fablico o las buenas costumbres, o resulten claramente il\u00edcitos. Los enlaces o links que contiene este Sitio Web pueden conducir al usuario a otros sitios y p\u00e1ginas web gestionadas por terceros, sobre las que Campbeer Fest no tiene ninguna responsabilidad. Campbeer Fest no responde ni de los contenidos ni del estado de dichos sitios y p\u00e1ginas web, y el acceso a las mismas a trav\u00e9s de este Sitio Web tampoco implica que Campbeer Fest recomiende o apruebe sus contenidos.<\/p><p><strong>4- Pol\u00edtica de devoluci\u00f3n y reembolso<\/strong><\/p><p>Una vez adquirida un producto o servicio a trav\u00e9s de Campbeer Fest, no ser\u00e1 cambiada ni devuelto su importe, excepto en casos de cancelaci\u00f3n por parte del Sitio Web.<\/p><p>La devoluci\u00f3n, en caso de cancelaci\u00f3n, es obligaci\u00f3n del Organizador realizarla dentro del plazo de quince d\u00edas desde la fecha de la comunicaci\u00f3n p\u00fablica de la cancelaci\u00f3n. Si la suspensi\u00f3n se realiza una vez transcurrida m\u00e1s de la mitad del espect\u00e1culo, no habr\u00e1 devoluci\u00f3n alguna.<\/p><p>Las malas condiciones climatol\u00f3gicas no dan derecho a devoluci\u00f3n de la entrada. En caso de cancelaci\u00f3n, la devoluci\u00f3n se podr\u00e1 efectuar dentro del plazo de quince d\u00edas desde la fecha de la comunicaci\u00f3n p\u00fablica de la suspensi\u00f3n del espect\u00e1culo. Transcurrido este plazo, no se admitir\u00e1 ninguna devoluci\u00f3n.<\/p><p>No ser\u00e1n susceptibles de devoluci\u00f3n los gastos de gesti\u00f3n\/distribuci\u00f3n (Indicados en la web). Las entradas ser\u00e1n nominales e intransferibles. La entrada de d\u00eda ser\u00e1 de un solo uso. Se reserva el derecho de admisi\u00f3n.<\/p><p><strong>5- Propiedad intelectual e industrial<\/strong><\/p><p>Los usuarios u organizadores no podr\u00e1n copiar, reproducir, publicar, descargar, colgar, emitir, transmitir, poner a disposici\u00f3n del p\u00fablico, o utilizar el contenido esta web de ninguna manera sin el consentimiento expreso de Campbeer Fest excepto para su uso personal, no comercial. Tambi\u00e9n se compromete a no adaptar, modificar o crear un trabajo derivado de cualquier contenido de esta web excepto para su uso personal, no comercial.<\/p><p>Cualquier otro uso del contenido de esta web requiere el permiso previo por escrito de Campbeer Fest. Los nombres, im\u00e1genes y logos que identifican a Campbeer Fest estar\u00e1n sujetos a derechos de autor, de dise\u00f1o y de marcas comerciales, de todas formas, las presentes condiciones generales no obstaculizan la fijaci\u00f3n por parte de Campbeer Fest de otras condiciones particulares para la contrataci\u00f3n o utilizaci\u00f3n de determinados servicios o productos que se ofrezcan a los usuarios en el sitio web.\u00a0 Campbeer Fest es titular de todos los derechos de propiedad intelectual e industrial del Sitio Web, a t\u00edtulo particular o como cesionaria, as\u00ed como de los elementos contenidos en el mismo (a t\u00edtulo meramente enunciativo, im\u00e1genes, sonido, audio, v\u00eddeo, software o textos; marcas o logotipos, combinaciones de colores, estructura y dise\u00f1o, selecci\u00f3n de materiales usados, programas de ordenador necesarios para su funcionamiento, acceso y uso, etc.), titularidad de Campbeer Fest o bien de sus licenciantes, sin que pueda entenderse cedido al usuario u organizador ninguno de los derechos de explotaci\u00f3n sobre los mismos m\u00e1s all\u00e1 de lo estrictamente necesario para el correcto uso de este sitio web.<\/p><p>Para realizar cualquier tipo de observaci\u00f3n respecto a posibles incumplimientos de los derechos de propiedad intelectual o industrial sobre cualquiera de los contenidos de este sitio web deber\u00e1n dirigirse a la direcci\u00f3n de correo electr\u00f3nico info@campbeerfest.com<\/p><p><strong>6- De la exoneraci\u00f3n de responsabilidades<\/strong><\/p><p>Campbeer Fest velar\u00e1, en la medida de lo posible, por el correcto funcionamiento de este sitio web, la correcci\u00f3n de su contenido y la veracidad de lo publicado en \u00e9l. Sin embargo, Siente Occidente no se responsabiliza de los errores u omisiones de los que pudieran adolecer los contenidos del sitio web u otros contenidos a los que se pueda acceder a trav\u00e9s del mismo. Asimismo, el usuario exonera de responsabilidad a Campbeer Fest por el uso que pudiera hacer de los contenidos del Sitio Web sin contar previamente con el necesario consejo legal de un profesional de la materia.<\/p><p>Por otra parte, Campbeer Fest act\u00faa como mero medio para la promoci\u00f3n de los eventos y venta de entradas por parte de los promotores y organizadores de los mismos, adquiriendo el compromiso Campbeer Fest de verificar, en la medida de lo posible, la veracidad de la informaci\u00f3n del perfil de usuario registrado en el Sitio Web. Campbeer Fest no participa de forma activa en ninguna comunicaci\u00f3n ni promoci\u00f3n entre el usuario (cliente) y promotor del evento, m\u00e1s all\u00e1 de los servicios inform\u00e1ticos que pudieran contratarse por el cliente, siendo el promotor del evento quien realiza la venta de las entradas, facilitando Campbeer Fest al promotor el sistema inform\u00e1tico para el env\u00edo de las entradas de forma telem\u00e1tica.<\/p><p>Campbeer Fest no se responsabiliza en el caso de que el evento finalmente no llegue a producirse y la reclamaci\u00f3n que proceda ha de ir dirigida al organizador y\/o promotor de dicho evento. Campbeer Fest no se responsabiliza de los t\u00e9rminos en los que finalmente se lleve a cabo el evento reservado. Las reclamaciones relativas a la calidad o diligencia en que se desarrolla el evento habr\u00e1n de dirigirse \u00fanicamente al organizador del mismo. Igualmente, Campbeer Fest no se responsabiliza del mal uso, tanto por parte de los organizadores como de los usuarios, de la herramienta de reserva de entradas puesta a disposici\u00f3n en el Sitio Web Campbeer Fest. En cualquier caso, Campbeer Fest no ser\u00e1 responsable de las opiniones vertidas por los usuarios a trav\u00e9s de los comentarios o aplicaciones de este Sitio Web.<\/p><p>Campbeer Fest se exime de cualquier tipo de responsabilidad derivada de la informaci\u00f3n publicada en su sitio web siempre que esta informaci\u00f3n haya sido manipulada o introducida por un tercero ajeno al mismo.<\/p><p>Uso de Cookies, Este sitio web puede utilizar cookies t\u00e9cnicas (peque\u00f1os archivos de informaci\u00f3n que el servidor env\u00eda al ordenador de quien accede a la p\u00e1gina) para llevar a cabo determinadas funciones que son consideradas imprescindibles para el correcto funcionamiento y visualizaci\u00f3n del sitio\u00a0<a href=\"https:\/\/campbeerfest.com\/politica-de-cookies\/\">Pol\u00edtica de Cookies<\/a>\u00a0<\/p><p>Pol\u00edtica de enlaces, por el momento, Campbeer Fest, solo redirecciona a los siguientes enlaces,<\/p><p>INSTAGRAM \u2013 https:\/\/www.instagram.com\/campbeerfestcarmenes\/<\/p><p><strong>7- Disponibilidad del servicio<\/strong><\/p><p>El acceso a esta web requiere de servicios y suministros de terceros, incluidos el transporte a trav\u00e9s de redes de telecomunicaciones cuya fiabilidad, calidad, continuidad y funcionamiento en ning\u00fan caso corresponde a Campbeer Fest. Por consiguiente, los servicios prove\u00eddos a trav\u00e9s de la web pueden ser suspendidos, cancelados o resultar inaccesibles, con car\u00e1cter previo o simult\u00e1neo a la presentaci\u00f3n del servicio de la web.<\/p><p>Campbeer Fest no se responsabiliza de los da\u00f1os o perjuicios de cualquier tipo producidos en el usuario que traigan causa de fallos o desconexiones en las redes de telecomunicaciones que produzcan la suspensi\u00f3n, cancelaci\u00f3n o interrupci\u00f3n del servicio de la web durante la presentaci\u00f3n del mismo o con car\u00e1cter previo, como por ejemplo si ocurrieran durante el proceso de compra de una entrada o producto<\/p><p><strong>8- Ley aplicable y jurisdicci\u00f3n<\/strong><\/p><p>Para la resoluci\u00f3n de todas las controversias o cuestiones relacionadas con el presente sitio web ser\u00e1 de aplicaci\u00f3n la legislaci\u00f3n espa\u00f1ola, a la que se someten expresamente las partes, siendo competentes para la resoluci\u00f3n de todos los conflictos derivados o relacionados con su uso los Juzgados y Tribunales de Gij\u00f3n. No obstante, si el demandante es Campbeer Fest, podr\u00e1 optar alternativamente por la jurisdicci\u00f3n correspondiente al lugar de celebraci\u00f3n del concierto al que se refieran los hechos.<\/p><p>Las partes reconocen que las presentes Condiciones de Uso del Sitio Web se rigen en todos y cada uno de sus extremos por la ley espa\u00f1ola, por expresa aplicaci\u00f3n de lo dispuesto en el art\u00edculo 1.262 del C\u00f3digo Civil, en relaci\u00f3n con lo dispuesto en el Cap\u00edtulo IV, del T\u00edtulo Preliminar del mismo cuerpo legal.<\/p><p><strong>9 -Baja del servicio<\/strong><\/p><p>El usuario se puede dar de baja del servicio en cualquier momento. Campbeer Fest no pedir\u00e1 justificaci\u00f3n para otorgar la baja efectiva, si bien se reserva el derecho de consultar los motivos con fines estad\u00edsticos y de mejora del servicio. El usuario u organizador solicitar\u00e1 su baja en cualquier momento a trav\u00e9s del formulario disponible en el Sitio Web de Campbeer Fest. Para darse de baja deber\u00e1 indicar la direcci\u00f3n de correo electr\u00f3nico con la que se registr\u00f3 Campbeer Fest.<\/p><p>Campbeer Fest tiene el derecho de dar de baja, incluso sin previo aviso, a un usuario u organizador que no cumpla con los requisitos legales, siempre y cuando disponga de motivos justificados. En el caso de que se considere oportuno, Campbeer Fest estar\u00e1 en completo derecho de suprimir el contenido del usuario u organizador, publicar una advertencia y bloquear el acceso del usuario u organizador a los servicios ofrecidos a trav\u00e9s de Campbeer Fest.<\/p>\t\t\t\t\t\t\t\t<\/div>\n\t\t\t\t<\/div>\n\t\t\t\t\t<\/div>\n\t\t\t\t<\/div>\n\t\t\t\t<\/div>\n\t\t","protected":false},"excerpt":{"rendered":"<p>Recuerde leer adicionalmente la Pol\u00edtica de Cookies Pol\u00edtica de Cookies y la\u00a0Pol\u00edtica de Privacidad La utilizaci\u00f3n de este Sitio Web est\u00e1 sujeta a las condiciones que se exponen a continuaci\u00f3n. 1- Identificaci\u00f3n En cumplimiento del deber de informaci\u00f3n recogido en el art\u00edculo 10 de la Ley 34\/2002, de 11 de julio, de Servicios de la &hellip; <\/p>\n<p class=\"link-more\"><a href=\"https:\/\/campbeerfest.com\/index.php\/aviso-legal\/\" class=\"more-link\">Read more<span class=\"screen-reader-text\"> &#8220;Aviso Legal&#8221;<\/span><\/a><\/p>\n","protected":false},"author":2,"featured_media":0,"parent":0,"menu_order":0,"comment_status":"closed","ping_status":"closed","template":"","meta":{"_themeisle_gutenberg_block_has_review":false,"footnotes":""},"class_list":["post-134","page","type-page","status-publish","hentry"],"_links":{"self":[{"href":"https:\/\/campbeerfest.com\/index.php\/wp-json\/wp\/v2\/pages\/134","targetHints":{"allow":["GET"]}}],"collection":[{"href":"https:\/\/campbeerfest.com\/index.php\/wp-json\/wp\/v2\/pages"}],"about":[{"href":"https:\/\/campbeerfest.com\/index.php\/wp-json\/wp\/v2\/types\/page"}],"author":[{"embeddable":true,"href":"https:\/\/campbeerfest.com\/index.php\/wp-json\/wp\/v2\/users\/2"}],"replies":[{"embeddable":true,"href":"https:\/\/campbeerfest.com\/index.php\/wp-json\/wp\/v2\/comments?post=134"}],"version-history":[{"count":16,"href":"https:\/\/campbeerfest.com\/index.php\/wp-json\/wp\/v2\/pages\/134\/revisions"}],"predecessor-version":[{"id":163,"href":"https:\/\/campbeerfest.com\/index.php\/wp-json\/wp\/v2\/pages\/134\/revisions\/163"}],"wp:attachment":[{"href":"https:\/\/campbeerfest.com\/index.php\/wp-json\/wp\/v2\/media?parent=134"}],"curies":[{"name":"wp","href":"https:\/\/api.w.org\/{rel}","templated":true}]}}